{"id":83,"date":"2020-02-27T11:38:23","date_gmt":"2020-02-27T08:38:23","guid":{"rendered":"http:\/\/vicons-service.md\/?page_id=83"},"modified":"2020-04-15T17:05:16","modified_gmt":"2020-04-15T14:05:16","slug":"about","status":"publish","type":"page","link":"https:\/\/vicons-service.md\/ro\/about\/","title":{"rendered":"Despre noi"},"content":{"rendered":"<p><strong>Compania Vicons-Service SRL<\/strong>\u00a0are istorie bogat\u0103 \u00een domeniul construc\u0163iilor.<\/p>\n<p>Fondat\u0103 la 21 mai 2007, Vicons-Service SRL,\u00a0a pus de la \u00eenceput accentul pe calitate, termen \u015fi disciplin\u0103 \u00een construc\u0163ie.<\/p>\n<p>Activit\u0103\u0163ile principale:<\/p>\n<p>&#8211; Construirea, reconstruirea \u015fi repararea edificiilor industriale \u015fi civile;<br \/>\n&#8211; Restaurarea edificiilor istorice;<br \/>\n&#8211; Construirea halelor industriale \u015fi civile din metal \u015fi beton-armat;<br \/>\n&#8211; Re\u0163ele tehnico-edilitare interioare \u015fi exterioare.<br \/>\nCompania Vicons-Service SRL\u00a0are \u00een dotare transport, tehnic\u0103 \u015fi utilaje de construc\u0163ie, dispune de mijloace tehnice, depozite,\u00a0 ateliere de producere a t\u00e2mpl\u0103riei din PVC \u015fi aluminiu, \u00a0atelier de producere a articolelor din metal.<\/p>\n<p>Principala resurs\u0103 a companiei\u00a0Vicons-Service SRL\u00a0este for\u0163a de munc\u0103 necesar\u0103, speciali\u015fti califica\u0163i, atesta\u0163i \u00een domeniu.<\/p>\n","protected":false},"excerpt":{"rendered":"<p>Compania Vicons-Service SRL\u00a0are istorie bogat\u0103 \u00een domeniul construc\u0163iilor. Fondat\u0103 la 21 mai 2007, Vicons-Service SRL,\u00a0a pus de la \u00eenceput accentul pe calitate, termen \u015fi disciplin\u0103 \u00een construc\u0163ie. Activit\u0103\u0163ile principale: &#8211; Construirea, reconstruirea \u015fi repararea edificiilor industriale \u015fi civile; &#8211; Restaurarea edificiilor istorice; &#8211; Construirea halelor industriale \u015fi civile din metal \u015fi beton-armat; &#8211; Re\u0163ele tehnico-edilitare [&hellip;]<\/p>\n","protected":false},"author":2,"featured_media":185,"parent":0,"menu_order":2,"comment_status":"closed","ping_status":"closed","template":"template-about-us.php","meta":{"inline_featured_image":false,"footnotes":""},"class_list":["post-83","page","type-page","status-publish","has-post-thumbnail","hentry"],"_links":{"self":[{"href":"https:\/\/vicons-service.md\/ro\/wp-json\/wp\/v2\/pages\/83","targetHints":{"allow":["GET"]}}],"collection":[{"href":"https:\/\/vicons-service.md\/ro\/wp-json\/wp\/v2\/pages"}],"about":[{"href":"https:\/\/vicons-service.md\/ro\/wp-json\/wp\/v2\/types\/page"}],"author":[{"embeddable":true,"href":"https:\/\/vicons-service.md\/ro\/wp-json\/wp\/v2\/users\/2"}],"replies":[{"embeddable":true,"href":"https:\/\/vicons-service.md\/ro\/wp-json\/wp\/v2\/comments?post=83"}],"version-history":[{"count":23,"href":"https:\/\/vicons-service.md\/ro\/wp-json\/wp\/v2\/pages\/83\/revisions"}],"predecessor-version":[{"id":536,"href":"https:\/\/vicons-service.md\/ro\/wp-json\/wp\/v2\/pages\/83\/revisions\/536"}],"wp:featuredmedia":[{"embeddable":true,"href":"https:\/\/vicons-service.md\/ro\/wp-json\/wp\/v2\/media\/185"}],"wp:attachment":[{"href":"https:\/\/vicons-service.md\/ro\/wp-json\/wp\/v2\/media?parent=83"}],"curies":[{"name":"wp","href":"https:\/\/api.w.org\/{rel}","templated":true}]}}